{"id":33,"date":"2024-12-24T18:37:41","date_gmt":"2024-12-24T18:37:41","guid":{"rendered":"https:\/\/olivedentalsolutions.com\/?page_id=33"},"modified":"2026-04-21T16:47:05","modified_gmt":"2026-04-21T16:47:05","slug":"sobre-nosotros","status":"publish","type":"page","link":"https:\/\/olivedentalsolutions.com\/es\/about-us\/","title":{"rendered":"Qui\u00e9nes somos"},"content":{"rendered":"<div data-elementor-type=\"wp-page\" data-elementor-id=\"33\" class=\"elementor elementor-33\" data-elementor-post-type=\"page\">\n\t\t\t\t<div class=\"elementor-element elementor-element-43038a30 c-box e-flex e-con-boxed e-con e-parent\" data-id=\"43038a30\" data-element_type=\"container\" data-e-type=\"container\" data-settings=\"{&quot;background_background&quot;:&quot;classic&quot;,&quot;jet_parallax_layout_list&quot;:[]}\">\n\t\t\t\t\t<div class=\"e-con-inner\">\n\t\t<div class=\"elementor-element elementor-element-5379bb56 e-con-full e-flex e-con e-child\" data-id=\"5379bb56\" data-element_type=\"container\" data-e-type=\"container\" data-settings=\"{&quot;jet_parallax_layout_list&quot;:[]}\">\n\t\t<div class=\"elementor-element elementor-element-497e7997 e-con-full e-flex e-con e-child\" data-id=\"497e7997\" data-element_type=\"container\" data-e-type=\"container\" data-settings=\"{&quot;jet_parallax_layout_list&quot;:[]}\">\n\t\t\t\t<div class=\"elementor-element elementor-element-559f177d elementor-widget elementor-widget-heading\" data-id=\"559f177d\" data-element_type=\"widget\" data-e-type=\"widget\" data-widget_type=\"heading.default\">\n\t\t\t\t<div class=\"elementor-widget-container\">\n\t\t\t\t\t<h1 class=\"elementor-heading-title elementor-size-default translation-block\"><strong>SOBRE<\/strong><br>NOSOTROS<\/h1>\t\t\t\t<\/div>\n\t\t\t\t<\/div>\n\t\t\t\t<\/div>\n\t\t\t\t<\/div>\n\t\t\t\t\t<\/div>\n\t\t\t\t<\/div>\n\t\t<div class=\"elementor-element elementor-element-45f41cd4 c-box pad-tbm e-flex e-con-boxed e-con e-parent\" data-id=\"45f41cd4\" data-element_type=\"container\" data-e-type=\"container\" data-settings=\"{&quot;jet_parallax_layout_list&quot;:[]}\">\n\t\t\t\t\t<div class=\"e-con-inner\">\n\t\t\t\t<div class=\"elementor-element elementor-element-570e83bc elementor-widget elementor-widget-heading\" data-id=\"570e83bc\" data-element_type=\"widget\" data-e-type=\"widget\" data-widget_type=\"heading.default\">\n\t\t\t\t<div class=\"elementor-widget-container\">\n\t\t\t\t\t<h2 class=\"elementor-heading-title elementor-size-default\"><strong>Bienvenido a Olive Dental Solution<\/strong><br \/>donde tu sonrisa es lo primero <\/h2>\t\t\t\t<\/div>\n\t\t\t\t<\/div>\n\t\t\t\t<div class=\"elementor-element elementor-element-42c4c44e elementor-widget elementor-widget-text-editor\" data-id=\"42c4c44e\" data-element_type=\"widget\" data-e-type=\"widget\" data-widget_type=\"text-editor.default\">\n\t\t\t\t<div class=\"elementor-widget-container\">\n\t\t\t\t\t\t\t\t\t<p>En Olive Dental Solution, somos mucho m\u00e1s que una cl\u00ednica dental, somos una pr\u00e1ctica familiar fundada por tres hermanas, cada una especialista en su propia \u00e1rea. Nuestro objetivo es hacerte sentir como en casa mientras recibes atenci\u00f3n dental incomparable en California. Aqu\u00ed vivir\u00e1s un tratamiento amable, compasivo y altamente profesional.<\/p>\t\t\t\t\t\t\t\t<\/div>\n\t\t\t\t<\/div>\n\t\t\t\t\t<\/div>\n\t\t\t\t<\/div>\n\t\t<div class=\"elementor-element elementor-element-5eb3d676 c-box pad-tbs e-flex e-con-boxed e-con e-parent\" data-id=\"5eb3d676\" data-element_type=\"container\" data-e-type=\"container\" data-settings=\"{&quot;jet_parallax_layout_list&quot;:[]}\">\n\t\t\t\t\t<div class=\"e-con-inner\">\n\t\t<div class=\"elementor-element elementor-element-465745c7 e-con-full e-flex e-con e-child\" data-id=\"465745c7\" data-element_type=\"container\" data-e-type=\"container\" data-settings=\"{&quot;jet_parallax_layout_list&quot;:[]}\">\n\t\t\t\t<div class=\"elementor-element elementor-element-71a2e205 elementor-widget elementor-widget-heading\" data-id=\"71a2e205\" data-element_type=\"widget\" data-e-type=\"widget\" data-widget_type=\"heading.default\">\n\t\t\t\t<div class=\"elementor-widget-container\">\n\t\t\t\t\t<h2 class=\"elementor-heading-title elementor-size-default translation-block\">\u00bf<strong>POR QU\u00c9<\/strong> ELEGIRNOS?<\/h2>\t\t\t\t<\/div>\n\t\t\t\t<\/div>\n\t\t\t\t<div class=\"elementor-element elementor-element-731aa997 elementor-widget elementor-widget-text-editor\" data-id=\"731aa997\" data-element_type=\"widget\" data-e-type=\"widget\" data-widget_type=\"text-editor.default\">\n\t\t\t\t<div class=\"elementor-widget-container\">\n\t\t\t\t\t\t\t\t\t<ul><li>Ahorro inigualable: Ahorra hasta 80% en comparaci\u00f3n con tratamientos dentales en Estados Unidos y Canad\u00e1, con la misma calidad y los mismos est\u00e1ndares.<\/li><li>Atenci\u00f3n personalizada e integral: Estamos comprometidos con restaurar tu sonrisa y aumentar tu confianza mediante tratamientos efectivos y adaptados a ti.<\/li><li>Personal con experiencia y alta capacitaci\u00f3n: Nuestro equipo se capacita continuamente, con cursos, certificaciones y seminarios de instituciones de primer nivel como Harvard Medical School, Malo Institute (Portugal) y Megagen Implants (Corea del Sur).<\/li><li>Membres\u00eda ADA y tecnolog\u00eda avanzada: Somos orgullosos miembros de la American Dental Association y utilizamos la m\u00e1s reciente tecnolog\u00eda CAD\/CAM para implantes dentales, con materiales de la m\u00e1s alta calidad (Nobel Biocare y 3i) que se encuentran en importantes cl\u00ednicas de Estados Unidos.<\/li><li>Opciones flexibles de pago: Aceptamos tarjetas de cr\u00e9dito, tarjetas de d\u00e9bito, cheques personales y efectivo para tu comodidad.<\/li><li>Ambiente c\u00f3modo: Rel\u00e1jate en nuestra sala de espera con WiFi, acceso telef\u00f3nico a Estados Unidos y Canad\u00e1, y TV LCD mientras esperas.<\/li><li>Precios transparentes: Sin cargos ocultos y sin sorpresas. Nuestros precios est\u00e1n publicados abiertamente para tu tranquilidad.<\/li><li>Especialistas en tratamiento All-on-4: Liderados por nuestra experta Xochipilli, quien ha completado con \u00e9xito m\u00e1s de 1,200 implantes All-on-4, nuestra cl\u00ednica destaca al ofrecer esta soluci\u00f3n avanzada.<\/li><\/ul>\t\t\t\t\t\t\t\t<\/div>\n\t\t\t\t<\/div>\n\t\t\t\t<\/div>\n\t\t<div class=\"elementor-element elementor-element-14fd2745 e-con-full e-flex e-con e-child\" data-id=\"14fd2745\" data-element_type=\"container\" data-e-type=\"container\" data-settings=\"{&quot;jet_parallax_layout_list&quot;:[]}\">\n\t\t\t\t<div class=\"elementor-element elementor-element-1b14ac47 elementor-widget-tablet__width-initial elementor-widget elementor-widget-image\" data-id=\"1b14ac47\" data-element_type=\"widget\" data-e-type=\"widget\" data-widget_type=\"image.default\">\n\t\t\t\t<div class=\"elementor-widget-container\">\n\t\t\t\t\t\t\t\t\t\t\t\t\t\t\t<img fetchpriority=\"high\" decoding=\"async\" width=\"650\" height=\"650\" src=\"https:\/\/olivedentalsolutions.com\/wp-content\/uploads\/2024\/12\/dental-office.jpg\" class=\"attachment-full size-full wp-image-34\" alt=\"\" srcset=\"https:\/\/olivedentalsolutions.com\/wp-content\/uploads\/2024\/12\/dental-office.jpg 650w, https:\/\/olivedentalsolutions.com\/wp-content\/uploads\/2024\/12\/dental-office-300x300.jpg 300w, https:\/\/olivedentalsolutions.com\/wp-content\/uploads\/2024\/12\/dental-office-150x150.jpg 150w\" sizes=\"(max-width: 650px) 100vw, 650px\" \/>\t\t\t\t\t\t\t\t\t\t\t\t\t\t\t<\/div>\n\t\t\t\t<\/div>\n\t\t\t\t<div class=\"elementor-element elementor-element-5c48f2ee elementor-widget-tablet__width-initial elementor-widget elementor-widget-image\" data-id=\"5c48f2ee\" data-element_type=\"widget\" data-e-type=\"widget\" data-widget_type=\"image.default\">\n\t\t\t\t<div class=\"elementor-widget-container\">\n\t\t\t\t\t\t\t\t\t\t\t\t\t\t\t<img decoding=\"async\" width=\"650\" height=\"650\" src=\"https:\/\/olivedentalsolutions.com\/wp-content\/uploads\/2024\/12\/dental-office-2.jpg\" class=\"attachment-full size-full wp-image-35\" alt=\"\" srcset=\"https:\/\/olivedentalsolutions.com\/wp-content\/uploads\/2024\/12\/dental-office-2.jpg 650w, https:\/\/olivedentalsolutions.com\/wp-content\/uploads\/2024\/12\/dental-office-2-300x300.jpg 300w, https:\/\/olivedentalsolutions.com\/wp-content\/uploads\/2024\/12\/dental-office-2-150x150.jpg 150w\" sizes=\"(max-width: 650px) 100vw, 650px\" \/>\t\t\t\t\t\t\t\t\t\t\t\t\t\t\t<\/div>\n\t\t\t\t<\/div>\n\t\t\t\t<\/div>\n\t\t\t\t\t<\/div>\n\t\t\t\t<\/div>\n\t\t<div class=\"elementor-element elementor-element-14a12e09 c-box e-flex e-con-boxed e-con e-parent\" data-id=\"14a12e09\" data-element_type=\"container\" data-e-type=\"container\" data-settings=\"{&quot;background_background&quot;:&quot;classic&quot;,&quot;jet_parallax_layout_list&quot;:[]}\">\n\t\t\t\t\t<div class=\"e-con-inner\">\n\t\t\t\t<div class=\"elementor-element elementor-element-3e9d8fcb elementor-widget elementor-widget-heading\" data-id=\"3e9d8fcb\" data-element_type=\"widget\" data-e-type=\"widget\" data-widget_type=\"heading.default\">\n\t\t\t\t<div class=\"elementor-widget-container\">\n\t\t\t\t\t<h2 class=\"elementor-heading-title elementor-size-default\">\u00a1PROGRAME SU CITA HOY MISMO!<\/h2>\t\t\t\t<\/div>\n\t\t\t\t<\/div>\n\t\t\t\t\t<\/div>\n\t\t\t\t<\/div>\n\t\t\t\t<\/div>","protected":false},"excerpt":{"rendered":"<p>ABOUTUS Welcome to Olive Dental SolutionWhere Your Smile Come First At Olive Dental Solution, we are more than just a dental clinic; we are a family-led practice founded by three sisters, each a specialist in their own field. Our goal is to make you feel right at home while receiving unparalleled dental care in Tijuana, [&hellip;]<\/p>\n","protected":false},"author":2,"featured_media":0,"parent":0,"menu_order":0,"comment_status":"closed","ping_status":"closed","template":"","meta":{"footnotes":""},"class_list":["post-33","page","type-page","status-publish","hentry"],"_links":{"self":[{"href":"https:\/\/olivedentalsolutions.com\/es\/wp-json\/wp\/v2\/pages\/33","targetHints":{"allow":["GET"]}}],"collection":[{"href":"https:\/\/olivedentalsolutions.com\/es\/wp-json\/wp\/v2\/pages"}],"about":[{"href":"https:\/\/olivedentalsolutions.com\/es\/wp-json\/wp\/v2\/types\/page"}],"author":[{"embeddable":true,"href":"https:\/\/olivedentalsolutions.com\/es\/wp-json\/wp\/v2\/users\/2"}],"replies":[{"embeddable":true,"href":"https:\/\/olivedentalsolutions.com\/es\/wp-json\/wp\/v2\/comments?post=33"}],"version-history":[{"count":16,"href":"https:\/\/olivedentalsolutions.com\/es\/wp-json\/wp\/v2\/pages\/33\/revisions"}],"predecessor-version":[{"id":2705,"href":"https:\/\/olivedentalsolutions.com\/es\/wp-json\/wp\/v2\/pages\/33\/revisions\/2705"}],"wp:attachment":[{"href":"https:\/\/olivedentalsolutions.com\/es\/wp-json\/wp\/v2\/media?parent=33"}],"curies":[{"name":"wp","href":"https:\/\/api.w.org\/{rel}","templated":true}]}}